{"id":179,"date":"2020-10-21T08:35:42","date_gmt":"2020-10-21T05:35:42","guid":{"rendered":"http:\/\/goatperfumes.al\/?page_id=179"},"modified":"2025-10-20T20:43:39","modified_gmt":"2025-10-20T20:43:39","slug":"faq","status":"publish","type":"page","link":"https:\/\/goatperfumes.al\/?page_id=179","title":{"rendered":"FAQ"},"content":{"rendered":"\t\t<div data-elementor-type=\"wp-page\" data-elementor-id=\"179\" class=\"elementor elementor-179\">\n\t\t\t\t\t\t<section class=\"elementor-section elementor-top-section elementor-element elementor-element-51cc69c elementor-section-full_width elementor-section-height-default elementor-section-height-default\" data-id=\"51cc69c\" data-element_type=\"section\">\n\t\t\t\t\t\t<div class=\"elementor-container elementor-column-gap-no\">\n\t\t\t\t\t<div class=\"elementor-column elementor-col-100 elementor-top-column elementor-element elementor-element-d3159a6\" data-id=\"d3159a6\" data-element_type=\"column\">\n\t\t\t<div class=\"elementor-widget-wrap elementor-element-populated\">\n\t\t\t\t\t\t<div class=\"elementor-element elementor-element-d04350a elementor-widget elementor-widget-ideapark-page-header\" data-id=\"d04350a\" data-element_type=\"widget\" data-widget_type=\"ideapark-page-header.default\">\n\t\t\t\t<div class=\"elementor-widget-container\">\n\t\t\t\t\t\t<header\n\t\tclass=\"l-section c-page-header c-page-header--header-type-4 c-page-header--default\n c-page-header--low\"\n\t\t>\n\n\t\t\t\t\t<div class=\"c-page-header__wrap\">\n\t\t\t\t\t\t\t\t\t<h1 class=\"c-page-header__title\">FAQ<\/h1>\n\t\t\t\t\t\t\t<\/div>\n\t\t\t\t\t\t\t<div class=\"c-page-header__spacer\"><\/div>\n\t\t\t<\/header>\n\t\t\t\t<\/div>\n\t\t\t\t<\/div>\n\t\t\t\t\t<\/div>\n\t\t<\/div>\n\t\t\t\t\t<\/div>\n\t\t<\/section>\n\t\t\t\t<section class=\"elementor-section elementor-top-section elementor-element elementor-element-1617f7b elementor-section-boxed elementor-section-height-default elementor-section-height-default\" data-id=\"1617f7b\" data-element_type=\"section\">\n\t\t\t\t\t\t<div class=\"elementor-container elementor-column-gap-no\">\n\t\t\t\t\t<div class=\"elementor-column elementor-col-100 elementor-top-column elementor-element elementor-element-bc288d3\" data-id=\"bc288d3\" data-element_type=\"column\">\n\t\t\t<div class=\"elementor-widget-wrap elementor-element-populated\">\n\t\t\t\t\t\t<div class=\"elementor-element elementor-element-450377d elementor-widget elementor-widget-ideapark-accordion\" data-id=\"450377d\" data-element_type=\"widget\" data-widget_type=\"ideapark-accordion.default\">\n\t\t\t\t<div class=\"elementor-widget-container\">\n\t\t\t\t\t\t\t<div class=\"c-ip-accordion\">\n\t\t\t<div class=\"c-ip-accordion__wrap c-ip-accordion__wrap--layout-1\">\n\t\t\t\t<div class=\"c-ip-accordion__list c-ip-accordion__list--layout-1\">\n\t\t\t\t\t\t\t\t\t\t<div class=\"c-ip-accordion__item c-ip-accordion__item--layout-1\">\n\t\t\t\t\t\t<a class=\"c-ip-accordion__header c-ip-accordion__header--layout-1 js-accordion-title\" href=\"\" onclick=\"return false;\">Si mund t\u00eb b\u00ebj pages\u00ebn p\u00ebr porosin\u00eb time?<i class=\"ip-right c-ip-accordion__arrow c-ip-accordion__arrow--layout-1\"><\/i><\/a>\t\t\t\t\t\t<div class=\"c-ip-accordion__content c-ip-accordion__content--layout-1\"><p>Pagesa e porosis\u00eb suaj kryhet n\u00eb momentin q\u00eb ju merrni produktin n\u00eb dor\u00eb (cash on delivery). Ky proces \u00ebsht\u00eb i thjesht\u00eb dhe i sigurt: Ju kontrolloni porosin\u00eb tuaj dhe m\u00eb pas kryeni pages\u00ebn direkt te punonj\u00ebsi i post\u00ebs. Aktualisht nuk pranojm\u00eb pagesa me kart\u00eb apo transferta bankare.<\/p><\/div>\t\t\t\t\t<\/div>\n\t\t\t\t\t\t\t\t\t\t\t\t\t\t\t<div class=\"c-ip-accordion__item c-ip-accordion__item--layout-1\">\n\t\t\t\t\t\t<a class=\"c-ip-accordion__header c-ip-accordion__header--layout-1 js-accordion-title\" href=\"\" onclick=\"return false;\">Sa zgjat dhe sa kushton d\u00ebrgesa?<i class=\"ip-right c-ip-accordion__arrow c-ip-accordion__arrow--layout-1\"><\/i><\/a>\t\t\t\t\t\t<div class=\"c-ip-accordion__content c-ip-accordion__content--layout-1\"><p>D\u00ebrgesa p\u00ebr t\u00eb gjitha produktet tona \u00ebsht\u00eb<b>\u00a0falas<\/b> (0 lek\u00eb).<\/p><p>Shp\u00ebrndarja kryhet aktualisht vet\u00ebm n\u00eb territorin e Shqip\u00ebris\u00eb. Koha e d\u00ebrges\u00ebs \u00ebsht\u00eb shum\u00eb e shpejt\u00eb, duke filluar nga <strong>1 deri n\u00eb 2 dit\u00eb pune<\/strong> nga momenti i konfirmimit t\u00eb porosis\u00eb. Ne punojm\u00eb me post\u00ebn m\u00eb t\u00eb besuar p\u00ebr t\u00eb garantuar q\u00eb porosia juaj t\u00eb mb\u00ebrrij\u00eb n\u00eb koh\u00eb dhe n\u00eb gjendje t\u00eb p\u00ebrsosur.<\/p><\/div>\t\t\t\t\t<\/div>\n\t\t\t\t\t\t\t\t\t\t\t\t\t\t\t<div class=\"c-ip-accordion__item c-ip-accordion__item--layout-1\">\n\t\t\t\t\t\t<a class=\"c-ip-accordion__header c-ip-accordion__header--layout-1 js-accordion-title\" href=\"\" onclick=\"return false;\">A jan\u00eb produktet tuaja origjinale?<i class=\"ip-right c-ip-accordion__arrow c-ip-accordion__arrow--layout-1\"><\/i><\/a>\t\t\t\t\t\t<div class=\"c-ip-accordion__content c-ip-accordion__content--layout-1\"><p>\u00cbsht\u00eb e r\u00ebnd\u00ebsishme p\u00ebr ne t\u00eb jemi transparent\u00eb: Produktet tona nuk jan\u00eb mallra origjinale. Ne jemi t\u00eb p\u00ebrkushtuar ndaj cil\u00ebsis\u00eb, duke ofruar produkte me cil\u00ebsi t\u00eb mir\u00eb dhe \u00e7mim t\u00eb p\u00ebrballuesh\u00ebm.<\/p><p>P\u00ebr m\u00eb tep\u00ebr, <b>fotografit\u00eb<\/b> e shfaqura n\u00eb faqen ton\u00eb jan\u00eb <b>reale<\/b> dhe jan\u00eb realizuar nga ne, duke pasqyruar sakt\u00ebsisht at\u00eb q\u00eb ju do t\u00eb merrni.<\/p><\/div>\t\t\t\t\t<\/div>\n\t\t\t\t\t\t\t\t\t\t\t\t\t\t\t<div class=\"c-ip-accordion__item c-ip-accordion__item--layout-1\">\n\t\t\t\t\t\t<a class=\"c-ip-accordion__header c-ip-accordion__header--layout-1 js-accordion-title\" href=\"\" onclick=\"return false;\">Kur mund t\u00eb b\u00ebj nj\u00eb kthim t\u00eb parfumit?<i class=\"ip-right c-ip-accordion__arrow c-ip-accordion__arrow--layout-1\"><\/i><\/a>\t\t\t\t\t\t<div class=\"c-ip-accordion__content c-ip-accordion__content--layout-1\"><p>Ne pranojm\u00eb kthime vet\u00ebm n\u00eb nj\u00eb rast specifik: <b>n\u00ebse parfumi \u00ebsht\u00eb i d\u00ebmtuar fizikisht<\/b> (p.sh., shishja e thyer, sp\u00ebrkat\u00ebsja jo-funksionale, ose rrjedhja) n\u00eb momentin e marrjes s\u00eb porosis\u00eb.<\/p><p><b>Ju lutemi, kontrolloni produktin n\u00eb prani t\u00eb shp\u00ebrndar\u00ebsit.<\/b> N\u00ebse v\u00ebreni d\u00ebmtim, refuzoni ta merrni dhe na kontaktoni menj\u00ebher\u00eb. Pas hapjes dhe p\u00ebrdorimit, kthimi nuk mund t\u00eb pranohet.<\/p><\/div>\t\t\t\t\t<\/div>\n\t\t\t\t\t\t\t\t\t\t\t\t\t\t<\/div>\n\t\t\t<\/div>\n\t\t<\/div>\n\t\t\t\t\t\t<\/div>\n\t\t\t\t<\/div>\n\t\t\t\t\t<\/div>\n\t\t<\/div>\n\t\t\t\t\t<\/div>\n\t\t<\/section>\n\t\t\t\t<\/div>\n\t\t","protected":false},"excerpt":{"rendered":"<p>FAQ Si mund t\u00eb b\u00ebj pages\u00ebn p\u00ebr porosin\u00eb time? Pagesa e porosis\u00eb suaj kryhet n\u00eb momentin q\u00eb ju merrni produktin n\u00eb dor\u00eb&hellip;<\/p>\n","protected":false},"author":1,"featured_media":0,"parent":0,"menu_order":0,"comment_status":"closed","ping_status":"closed","template":"elementor_header_footer","meta":{"footnotes":""},"class_list":["post-179","page","type-page","status-publish","hentry"],"_links":{"self":[{"href":"https:\/\/goatperfumes.al\/index.php?rest_route=\/wp\/v2\/pages\/179","targetHints":{"allow":["GET"]}}],"collection":[{"href":"https:\/\/goatperfumes.al\/index.php?rest_route=\/wp\/v2\/pages"}],"about":[{"href":"https:\/\/goatperfumes.al\/index.php?rest_route=\/wp\/v2\/types\/page"}],"author":[{"embeddable":true,"href":"https:\/\/goatperfumes.al\/index.php?rest_route=\/wp\/v2\/users\/1"}],"replies":[{"embeddable":true,"href":"https:\/\/goatperfumes.al\/index.php?rest_route=%2Fwp%2Fv2%2Fcomments&post=179"}],"version-history":[{"count":3,"href":"https:\/\/goatperfumes.al\/index.php?rest_route=\/wp\/v2\/pages\/179\/revisions"}],"predecessor-version":[{"id":3785,"href":"https:\/\/goatperfumes.al\/index.php?rest_route=\/wp\/v2\/pages\/179\/revisions\/3785"}],"wp:attachment":[{"href":"https:\/\/goatperfumes.al\/index.php?rest_route=%2Fwp%2Fv2%2Fmedia&parent=179"}],"curies":[{"name":"wp","href":"https:\/\/api.w.org\/{rel}","templated":true}]}}