{"id":4020,"date":"2026-02-19T18:30:02","date_gmt":"2026-02-19T18:30:02","guid":{"rendered":"https:\/\/goatperfumes.al\/?post_type=product&#038;p=4020"},"modified":"2026-02-19T18:30:14","modified_gmt":"2026-02-19T18:30:14","slug":"si-passione-giorgio-armani","status":"publish","type":"product","link":"https:\/\/goatperfumes.al\/?product=si-passione-giorgio-armani","title":{"rendered":"S\u00ec Passione Giorgio Armani"},"content":{"rendered":"<p>S\u00ec Passione\u00a0by\u00a0Giorgio Armani\u00a0is a Floral Fruity fragrance for women.\u00a0S\u00ec Passione was launched in 2017. S\u00ec Passione was created by Christine Nagel and Julie Mass\u00e9. Top notes are Pear, Black Currant, Pink Pepper and Grapefruit; middle notes are Pineapple, Rose, Jasmine and Heliotrope; base notes are Vanilla, Cedar, Patchouli and Amberwood.<\/p>\n","protected":false},"excerpt":{"rendered":"<p>This is a bright, fruity floral. It starts off a bit tart thanks to the blackcurrant and grapefruit, but soon you get that sweet, juicy pear coming through with a bit of a kick from the pink pepper. The floral heart has a touch of pineapple that gives it a real boost of energy.<\/p>\n","protected":false},"featured_media":4021,"comment_status":"open","ping_status":"closed","template":"","meta":[],"product_cat":[81],"product_tag":[84],"class_list":{"0":"post-4020","1":"product","2":"type-product","3":"status-publish","4":"has-post-thumbnail","6":"product_cat-women-fragrance","7":"product_tag-women","8":"pa_capacity-100ml","10":"first","11":"instock","12":"sale","13":"taxable","14":"shipping-taxable","15":"purchasable","16":"product-type-simple"},"_links":{"self":[{"href":"https:\/\/goatperfumes.al\/index.php?rest_route=\/wp\/v2\/product\/4020","targetHints":{"allow":["GET"]}}],"collection":[{"href":"https:\/\/goatperfumes.al\/index.php?rest_route=\/wp\/v2\/product"}],"about":[{"href":"https:\/\/goatperfumes.al\/index.php?rest_route=\/wp\/v2\/types\/product"}],"replies":[{"embeddable":true,"href":"https:\/\/goatperfumes.al\/index.php?rest_route=%2Fwp%2Fv2%2Fcomments&post=4020"}],"version-history":[{"count":1,"href":"https:\/\/goatperfumes.al\/index.php?rest_route=\/wp\/v2\/product\/4020\/revisions"}],"predecessor-version":[{"id":4024,"href":"https:\/\/goatperfumes.al\/index.php?rest_route=\/wp\/v2\/product\/4020\/revisions\/4024"}],"wp:featuredmedia":[{"embeddable":true,"href":"https:\/\/goatperfumes.al\/index.php?rest_route=\/wp\/v2\/media\/4021"}],"wp:attachment":[{"href":"https:\/\/goatperfumes.al\/index.php?rest_route=%2Fwp%2Fv2%2Fmedia&parent=4020"}],"wp:term":[{"taxonomy":"product_cat","embeddable":true,"href":"https:\/\/goatperfumes.al\/index.php?rest_route=%2Fwp%2Fv2%2Fproduct_cat&post=4020"},{"taxonomy":"product_tag","embeddable":true,"href":"https:\/\/goatperfumes.al\/index.php?rest_route=%2Fwp%2Fv2%2Fproduct_tag&post=4020"}],"curies":[{"name":"wp","href":"https:\/\/api.w.org\/{rel}","templated":true}]}}